{"id":4054,"date":"2024-01-23T16:01:33","date_gmt":"2024-01-23T16:01:33","guid":{"rendered":"http:\/\/pages.angolacables.com\/?page_id=4054"},"modified":"2024-01-23T16:02:31","modified_gmt":"2024-01-23T16:02:31","slug":"formacao-mkt2025","status":"publish","type":"page","link":"https:\/\/pages.angolacables.com\/en\/formacao-mkt2025\/","title":{"rendered":"Forma\u00e7\u00e3o MKT2025"},"content":{"rendered":"<div data-elementor-type=\"wp-page\" data-elementor-id=\"4054\" class=\"elementor elementor-4054\" data-elementor-post-type=\"page\">\n\t\t\t\t\t\t\t\t\t<section class=\"elementor-section elementor-top-section elementor-element elementor-element-f22da77 elementor-section-height-min-height elementor-section-boxed elementor-section-height-default elementor-section-items-middle\" data-id=\"f22da77\" data-element_type=\"section\" data-settings=\"{&quot;background_background&quot;:&quot;classic&quot;}\">\n\t\t\t\t\t\t<div class=\"elementor-container elementor-column-gap-default\">\n\t\t\t\t\t<div class=\"elementor-column elementor-col-50 elementor-top-column elementor-element elementor-element-aa83e58\" data-id=\"aa83e58\" data-element_type=\"column\">\n\t\t\t<div class=\"elementor-widget-wrap elementor-element-populated\">\n\t\t\t\t\t\t\t\t<div class=\"elementor-element elementor-element-515fef6 elementor-widget elementor-widget-heading\" data-id=\"515fef6\" data-element_type=\"widget\" data-widget_type=\"heading.default\">\n\t\t\t\t<div class=\"elementor-widget-container\">\n\t\t\t<style>\/*! elementor - v3.15.0 - 20-08-2023 *\/\n.elementor-heading-title{padding:0;margin:0;line-height:1}.elementor-widget-heading .elementor-heading-title[class*=elementor-size-]>a{color:inherit;font-size:inherit;line-height:inherit}.elementor-widget-heading .elementor-heading-title.elementor-size-small{font-size:15px}.elementor-widget-heading .elementor-heading-title.elementor-size-medium{font-size:19px}.elementor-widget-heading .elementor-heading-title.elementor-size-large{font-size:29px}.elementor-widget-heading .elementor-heading-title.elementor-size-xl{font-size:39px}.elementor-widget-heading .elementor-heading-title.elementor-size-xxl{font-size:59px}<\/style><h2 class=\"elementor-heading-title elementor-size-default\"><a href=\"https:\/\/angolacables.co.ao\">FORMA\u00c7\u00c3O 2025<\/a><\/h2>\t\t<\/div>\n\t\t\t\t<\/div>\n\t\t\t\t<div class=\"elementor-element elementor-element-ce0a67d elementor-widget elementor-widget-image\" data-id=\"ce0a67d\" data-element_type=\"widget\" data-widget_type=\"image.default\">\n\t\t\t\t<div class=\"elementor-widget-container\">\n\t\t\t<style>\/*! elementor - v3.15.0 - 20-08-2023 *\/\n.elementor-widget-image{text-align:center}.elementor-widget-image a{display:inline-block}.elementor-widget-image a img[src$=\".svg\"]{width:48px}.elementor-widget-image img{vertical-align:middle;display:inline-block}<\/style>\t\t\t\t\t\t\t\t\t\t\t\t<img loading=\"lazy\" decoding=\"async\" width=\"1024\" height=\"576\" src=\"https:\/\/pages.angolacables.com\/wp-content\/uploads\/2024\/01\/beautiful-girl-with-afro-hair.jpg\" class=\"attachment-large size-large wp-image-3860\" alt=\"\" \/>\t\t\t\t\t\t\t\t\t\t\t\t\t\t\t<\/div>\n\t\t\t\t<\/div>\n\t\t\t\t<div class=\"elementor-element elementor-element-72e4266 elementor-widget elementor-widget-heading\" data-id=\"72e4266\" data-element_type=\"widget\" data-widget_type=\"heading.default\">\n\t\t\t\t<div class=\"elementor-widget-container\">\n\t\t\t<h2 class=\"elementor-heading-title elementor-size-default\">Adicione aqui o texto do seu t\u00edtulo<\/h2>\t\t<\/div>\n\t\t\t\t<\/div>\n\t\t\t\t\t<\/div>\n\t\t<\/div>\n\t\t\t\t<div class=\"elementor-column elementor-col-50 elementor-top-column elementor-element elementor-element-ed67eba\" data-id=\"ed67eba\" data-element_type=\"column\">\n\t\t\t<div class=\"elementor-widget-wrap elementor-element-populated\">\n\t\t\t\t\t\t\t\t<div class=\"elementor-element elementor-element-5071789 elementor-align-left elementor-widget elementor-widget-button\" data-id=\"5071789\" data-element_type=\"widget\" data-widget_type=\"button.default\">\n\t\t\t\t<div class=\"elementor-widget-container\">\n\t\t\t\t\t<div class=\"elementor-button-wrapper\">\n\t\t\t<a class=\"elementor-button elementor-button-link elementor-size-md\" href=\"https:\/\/angolacables.co.ao\">\n\t\t\t\t\t\t<span class=\"elementor-button-content-wrapper\">\n\t\t\t\t\t\t<span class=\"elementor-button-icon elementor-align-icon-right\">\n\t\t\t\t<i aria-hidden=\"true\" class=\"fas fa-arrow-right\"><\/i>\t\t\t<\/span>\n\t\t\t\t\t\t<span class=\"elementor-button-text\">SEGUIR A PAGINA<\/span>\n\t\t<\/span>\n\t\t\t\t\t<\/a>\n\t\t<\/div>\n\t\t\t\t<\/div>\n\t\t\t\t<\/div>\n\t\t\t\t<div class=\"elementor-element elementor-element-0de5ea5 elementor-widget elementor-widget-image\" data-id=\"0de5ea5\" data-element_type=\"widget\" data-widget_type=\"image.default\">\n\t\t\t\t<div class=\"elementor-widget-container\">\n\t\t\t\t\t\t\t\t\t\t\t\t\t\t\t<img loading=\"lazy\" decoding=\"async\" width=\"1024\" height=\"576\" src=\"https:\/\/pages.angolacables.com\/wp-content\/uploads\/2024\/01\/beautiful-girl-with-afro-hair.jpg\" class=\"attachment-large size-large wp-image-3860\" alt=\"\" \/>\t\t\t\t\t\t\t\t\t\t\t\t\t\t\t<\/div>\n\t\t\t\t<\/div>\n\t\t\t\t\t<\/div>\n\t\t<\/div>\n\t\t\t\t\t\t\t<\/div>\n\t\t<\/section>\n\t\t\t\t<section class=\"elementor-section elementor-top-section elementor-element elementor-element-2951b14 elementor-section-boxed elementor-section-height-default elementor-section-height-default\" data-id=\"2951b14\" data-element_type=\"section\" data-settings=\"{&quot;background_background&quot;:&quot;classic&quot;}\">\n\t\t\t\t\t\t<div class=\"elementor-container elementor-column-gap-default\">\n\t\t\t\t\t<div class=\"elementor-column elementor-col-100 elementor-top-column elementor-element elementor-element-67624b2\" data-id=\"67624b2\" data-element_type=\"column\">\n\t\t\t<div class=\"elementor-widget-wrap elementor-element-populated\">\n\t\t\t\t\t\t\t\t<div class=\"elementor-element elementor-element-5242e70 elementor-widget elementor-widget-heading\" data-id=\"5242e70\" data-element_type=\"widget\" data-widget_type=\"heading.default\">\n\t\t\t\t<div class=\"elementor-widget-container\">\n\t\t\t<h2 class=\"elementor-heading-title elementor-size-default\">FORMA\u00c7\u00c3O 2024<\/h2>\t\t<\/div>\n\t\t\t\t<\/div>\n\t\t\t\t<div class=\"elementor-element elementor-element-c65ecb4 elementor-widget elementor-widget-text-editor\" data-id=\"c65ecb4\" data-element_type=\"widget\" data-widget_type=\"text-editor.default\">\n\t\t\t\t<div class=\"elementor-widget-container\">\n\t\t\t<style>\/*! elementor - v3.15.0 - 20-08-2023 *\/\n.elementor-widget-text-editor.elementor-drop-cap-view-stacked .elementor-drop-cap{background-color:#69727d;color:#fff}.elementor-widget-text-editor.elementor-drop-cap-view-framed .elementor-drop-cap{color:#69727d;border:3px solid;background-color:transparent}.elementor-widget-text-editor:not(.elementor-drop-cap-view-default) .elementor-drop-cap{margin-top:8px}.elementor-widget-text-editor:not(.elementor-drop-cap-view-default) .elementor-drop-cap-letter{width:1em;height:1em}.elementor-widget-text-editor .elementor-drop-cap{float:left;text-align:center;line-height:1;font-size:50px}.elementor-widget-text-editor .elementor-drop-cap-letter{display:inline-block}<\/style>\t\t\t\t<p>Lorem ipsum dolor sit amet, consectetur adipiscing elit. Ut elit tellus, luctus nec ullamcorper mattis, pulvinar dapibus leo.<\/p>\t\t\t\t\t\t<\/div>\n\t\t\t\t<\/div>\n\t\t\t\t<div class=\"elementor-element elementor-element-74fac18 elementor-widget elementor-widget-image\" data-id=\"74fac18\" data-element_type=\"widget\" data-widget_type=\"image.default\">\n\t\t\t\t<div class=\"elementor-widget-container\">\n\t\t\t\t\t\t\t\t\t\t\t\t\t\t\t<img loading=\"lazy\" decoding=\"async\" width=\"300\" height=\"200\" src=\"https:\/\/pages.angolacables.com\/wp-content\/uploads\/2024\/01\/saas-concept-collage-1-1.jpg\" class=\"attachment-medium size-medium wp-image-3803\" alt=\"\" \/>\t\t\t\t\t\t\t\t\t\t\t\t\t\t\t<\/div>\n\t\t\t\t<\/div>\n\t\t\t\t\t<\/div>\n\t\t<\/div>\n\t\t\t\t\t\t\t<\/div>\n\t\t<\/section>\n\t\t\t\t<section class=\"elementor-section elementor-top-section elementor-element elementor-element-9bb5b40 elementor-section-boxed elementor-section-height-default elementor-section-height-default\" data-id=\"9bb5b40\" data-element_type=\"section\" data-settings=\"{&quot;background_background&quot;:&quot;classic&quot;}\">\n\t\t\t\t\t\t<div class=\"elementor-container elementor-column-gap-default\">\n\t\t\t\t\t<div class=\"elementor-column elementor-col-50 elementor-top-column elementor-element elementor-element-3d055bf\" data-id=\"3d055bf\" data-element_type=\"column\">\n\t\t\t<div class=\"elementor-widget-wrap elementor-element-populated\">\n\t\t\t\t\t\t\t\t<div class=\"elementor-element elementor-element-76dfc05 elementor-widget elementor-widget-text-editor\" data-id=\"76dfc05\" data-element_type=\"widget\" data-widget_type=\"text-editor.default\">\n\t\t\t\t<div class=\"elementor-widget-container\">\n\t\t\t\t\t\t\t<p>\u00a0<\/p><div class=\"elementor-element elementor-element-33057ea9 elementor-widget elementor-widget-heading\" data-id=\"33057ea9\" data-element_type=\"widget\" data-widget_type=\"heading.default\"><div class=\"elementor-widget-container\"><h2 class=\"elementor-heading-title elementor-size-default\">Sobre TelCables Brasil<\/h2><\/div><\/div><div class=\"elementor-element elementor-element-54b948e4 elementor-widget elementor-widget-text-editor\" data-id=\"54b948e4\" data-element_type=\"widget\" data-widget_type=\"text-editor.default\"><div class=\"elementor-widget-container\"><p>TelCables Brasil oferece uma gama de solu\u00e7\u00f5es de conectividade e seguran\u00e7a para o mercado global.<\/p><p>Os produtos e servi\u00e7os podem ser adaptadas de acordo com as necessidades do cliente e individuais da rede.\u00a0<\/p><p>Equipe dedicada e experiente para te ajudar no desenvolvimento e implementa\u00e7\u00e3o das solu\u00e7\u00f5es de TIC certas para a sua empresa. Quer seja uma multinacional de grande escala ou uma em crescimento.\u00a0<\/p><p>Todas as nossas solu\u00e7\u00f5es s\u00e3o flex\u00edveis e inovadoras, como o IP Tr\u00e2nsito com Anti_DDoS, Peering para os maiores provedores de conte\u00fados, IP Gamer com rota privilegiada para conte\u00fado de gaming e a garantia de um servi\u00e7o de alta efici\u00eancia para ligar provedores no Brasil e do Brasil aos US e Europa \u00e9 o que a TelCables Brasil by Angola Cables tem para te oferecer.<\/p><\/div><\/div><p>s nec ullamcorper mattis, pulvinar dapibus leo.<\/p>\t\t\t\t\t\t<\/div>\n\t\t\t\t<\/div>\n\t\t\t\t\t<\/div>\n\t\t<\/div>\n\t\t\t\t<div class=\"elementor-column elementor-col-50 elementor-top-column elementor-element elementor-element-13806bd\" data-id=\"13806bd\" data-element_type=\"column\">\n\t\t\t<div class=\"elementor-widget-wrap elementor-element-populated\">\n\t\t\t\t\t\t\t\t<div class=\"elementor-element elementor-element-77e7bb7 elementor-widget elementor-widget-heading\" data-id=\"77e7bb7\" data-element_type=\"widget\" data-widget_type=\"heading.default\">\n\t\t\t\t<div class=\"elementor-widget-container\">\n\t\t\t<h2 class=\"elementor-heading-title elementor-size-default\">FORMULARIO<\/h2>\t\t<\/div>\n\t\t\t\t<\/div>\n\t\t\t\t<div class=\"elementor-element elementor-element-dd1fac7 elementor-widget elementor-widget-shortcode\" data-id=\"dd1fac7\" data-element_type=\"widget\" data-widget_type=\"shortcode.default\">\n\t\t\t\t<div class=\"elementor-widget-container\">\n\t\t\t\t\t<div class=\"elementor-shortcode\">\n<div class=\"wpcf7 no-js\" id=\"wpcf7-f4047-o1\" lang=\"pt-PT\" dir=\"ltr\">\n<div class=\"screen-reader-response\"><p role=\"status\" aria-live=\"polite\" aria-atomic=\"true\"><\/p> <ul><\/ul><\/div>\n<form action=\"\/en\/wp-json\/wp\/v2\/pages\/4054#wpcf7-f4047-o1\" method=\"post\" class=\"wpcf7-form init\" aria-label=\"Formul\u00e1rio de contacto\" novalidate=\"novalidate\" data-status=\"init\" data-trp-original-action=\"\/en\/wp-json\/wp\/v2\/pages\/4054#wpcf7-f4047-o1\">\n<div style=\"display: none;\">\n<input type=\"hidden\" name=\"_wpcf7\" value=\"4047\" \/>\n<input type=\"hidden\" name=\"_wpcf7_version\" value=\"5.8\" \/>\n<input type=\"hidden\" name=\"_wpcf7_locale\" value=\"pt_PT\" \/>\n<input type=\"hidden\" name=\"_wpcf7_unit_tag\" value=\"wpcf7-f4047-o1\" \/>\n<input type=\"hidden\" name=\"_wpcf7_container_post\" value=\"0\" \/>\n<input type=\"hidden\" name=\"_wpcf7_posted_data_hash\" value=\"\" \/>\n<input type=\"hidden\" name=\"_wpcf7cf_hidden_group_fields\" value=\"[]\" \/>\n<input type=\"hidden\" name=\"_wpcf7cf_hidden_groups\" value=\"[]\" \/>\n<input type=\"hidden\" name=\"_wpcf7cf_visible_groups\" value=\"[]\" \/>\n<input type=\"hidden\" name=\"_wpcf7cf_repeaters\" value=\"[]\" \/>\n<input type=\"hidden\" name=\"_wpcf7cf_steps\" value=\"{}\" \/>\n<input type=\"hidden\" name=\"_wpcf7cf_options\" value=\"{&quot;form_id&quot;:4047,&quot;conditions&quot;:[{&quot;then_field&quot;:&quot;group-24-maio-2023-selected&quot;,&quot;and_rules&quot;:[{&quot;if_field&quot;:&quot;your-date&quot;,&quot;operator&quot;:&quot;equals&quot;,&quot;if_value&quot;:&quot;24 Maio 2023&quot;}]},{&quot;then_field&quot;:&quot;group-25-maio-2023-selected&quot;,&quot;and_rules&quot;:[{&quot;if_field&quot;:&quot;your-date&quot;,&quot;operator&quot;:&quot;equals&quot;,&quot;if_value&quot;:&quot;25 Maio 2023&quot;}]},{&quot;then_field&quot;:&quot;group-26-maio-2023-selected&quot;,&quot;and_rules&quot;:[{&quot;if_field&quot;:&quot;your-date&quot;,&quot;operator&quot;:&quot;equals&quot;,&quot;if_value&quot;:&quot;26 Maio 2023&quot;}]}],&quot;settings&quot;:{&quot;animation&quot;:&quot;yes&quot;,&quot;animation_intime&quot;:200,&quot;animation_outtime&quot;:200,&quot;conditions_ui&quot;:&quot;normal&quot;,&quot;notice_dismissed&quot;:false,&quot;notice_dismissed_update-cf7-5.7.4&quot;:true}}\" \/>\n<\/div>\n<p><label> Name &amp; Surname *<br \/>\n<span class=\"wpcf7-form-control-wrap\" data-name=\"your-name\"><input size=\"40\" class=\"wpcf7-form-control wpcf7-text wpcf7-validates-as-required\" aria-required=\"true\" aria-invalid=\"false\" value=\"\" type=\"text\" name=\"your-name\" \/><\/span> <\/label>\n<\/p>\n<p><label> Email*<br \/>\n<span class=\"wpcf7-form-control-wrap\" data-name=\"your-email\"><input size=\"40\" class=\"wpcf7-form-control wpcf7-email wpcf7-validates-as-required wpcf7-text wpcf7-validates-as-email\" aria-required=\"true\" aria-invalid=\"false\" value=\"\" type=\"email\" name=\"your-email\" \/><\/span> <\/label>\n<\/p>\n<p><label> Telefone*<br \/>\n<span class=\"wpcf7-form-control-wrap\" data-name=\"your-tel\"><input size=\"40\" class=\"wpcf7-form-control wpcf7-text wpcf7-validates-as-required\" aria-required=\"true\" aria-invalid=\"false\" value=\"\" type=\"text\" name=\"your-tel\" \/><\/span> <\/label>\n<\/p>\n<p><label> Company*<br \/>\n<span class=\"wpcf7-form-control-wrap\" data-name=\"your-company\"><input size=\"40\" class=\"wpcf7-form-control wpcf7-text wpcf7-validates-as-required\" aria-required=\"true\" aria-invalid=\"false\" value=\"\" type=\"text\" name=\"your-company\" \/><\/span> <\/label>\n<\/p>\n<p><label> Job Title<br \/>\n<span class=\"wpcf7-form-control-wrap\" data-name=\"your-title\"><input size=\"40\" class=\"wpcf7-form-control wpcf7-text\" aria-invalid=\"false\" value=\"\" type=\"text\" name=\"your-title\" \/><\/span> <\/label>\n<\/p>\n<p><label> Pa\u00eds<br \/>\n<span class=\"wpcf7-form-control-wrap\" data-name=\"your-country\"><input size=\"40\" class=\"wpcf7-form-control wpcf7-text\" aria-invalid=\"false\" value=\"\" type=\"text\" name=\"your-country\" \/><\/span> <\/label>\n<\/p>\n<p><label> Data*<br \/>\n<span class=\"wpcf7-form-control-wrap\" data-name=\"your-date\"><select class=\"wpcf7-form-control wpcf7-select wpcf7-validates-as-required\" aria-required=\"true\" aria-invalid=\"false\" name=\"your-date\"><option value=\"24 Maio 2023\">24 Maio 2023<\/option><option value=\"25 Maio 2023\">25 Maio 2023<\/option><option value=\"26 Maio 2023\">26 Maio 2023<\/option><\/select><\/span> <\/label>\n<\/p>\n<div data-id=\"group-24-maio-2023-selected\" data-orig_data_id=\"group-24-maio-2023-selected\"  data-class=\"wpcf7cf_group\">\n\t<p>Preferred time 24 Maio 2023*<br \/>\n<span class=\"wpcf7-form-control-wrap\" data-name=\"your-time\"><select class=\"wpcf7-form-control wpcf7-select wpcf7-validates-as-required\" aria-required=\"true\" aria-invalid=\"false\" name=\"your-time\"><option value=\"10:00 - 10:30\">10:00 - 10:30<\/option><option value=\"10:30 - 11:00\">10:30 - 11:00<\/option><option value=\"11:00 - 11:30\">11:00 - 11:30<\/option><option value=\"11:30 - 12:00\">11:30 - 12:00<\/option><option value=\"12:00 - 12:30\">12:00 - 12:30<\/option><option value=\"12:30 - 13:00\">12:30 - 13:00<\/option><option value=\"13:00 - 13:30\">13:00 - 13:30<\/option><option value=\"13:30 - 14:00\">13:30 - 14:00<\/option><option value=\"14:00 - 14:30\">14:00 - 14:30<\/option><option value=\"14:30 - 15:00\">14:30 - 15:00<\/option><option value=\"15:00 - 15:30\">15:00 - 15:30<\/option><option value=\"15:30 - 16:00\">15:30 - 16:00<\/option><option value=\"16:00 - 16:30\">16:00 - 16:30<\/option><option value=\"16:30 - 17:00\">16:30 - 17:00<\/option><\/select><\/span>\n\t<\/p>\n<\/div>\n<div data-id=\"group-25-maio-2023-selected\" data-orig_data_id=\"group-25-maio-2023-selected\"  data-class=\"wpcf7cf_group\">\n\t<p>Preferred time 25 Maio 2023*<br \/>\n<span class=\"wpcf7-form-control-wrap\" data-name=\"your-time\"><select class=\"wpcf7-form-control wpcf7-select wpcf7-validates-as-required\" aria-required=\"true\" aria-invalid=\"false\" name=\"your-time\"><option value=\"10:00 - 10:30\">10:00 - 10:30<\/option><option value=\"10:30 - 11:00\">10:30 - 11:00<\/option><option value=\"11:00 - 11:30\">11:00 - 11:30<\/option><option value=\"11:30 - 12:00\">11:30 - 12:00<\/option><option value=\"12:00 - 12:30\">12:00 - 12:30<\/option><option value=\"12:30 - 13:00\">12:30 - 13:00<\/option><option value=\"13:00 - 13:30\">13:00 - 13:30<\/option><option value=\"13:30 - 14:00\">13:30 - 14:00<\/option><option value=\"14:00 - 14:30\">14:00 - 14:30<\/option><option value=\"14:30 - 15:00\">14:30 - 15:00<\/option><option value=\"15:00 - 15:30\">15:00 - 15:30<\/option><option value=\"15:30 - 16:00\">15:30 - 16:00<\/option><option value=\"16:00 - 16:30\">16:00 - 16:30<\/option><option value=\"16:30 - 17:00\">16:30 - 17:00<\/option><\/select><\/span>\n\t<\/p>\n<\/div>\n<div data-id=\"group-26-maio-2023-selected\" data-orig_data_id=\"group-26-maio-2023-selected\"  data-class=\"wpcf7cf_group\">\n\t<p>Preferred time 26 Maio 2023*<br \/>\n<span class=\"wpcf7-form-control-wrap\" data-name=\"your-time\"><select class=\"wpcf7-form-control wpcf7-select wpcf7-validates-as-required\" aria-required=\"true\" aria-invalid=\"false\" name=\"your-time\"><option value=\"10:00 - 10:30\">10:00 - 10:30<\/option><option value=\"10:30 - 11:00\">10:30 - 11:00<\/option><option value=\"11:00 - 11:30\">11:00 - 11:30<\/option><option value=\"11:30 - 12:00\">11:30 - 12:00<\/option><option value=\"12:00 - 12:30\">12:00 - 12:30<\/option><option value=\"12:30 - 13:00\">12:30 - 13:00<\/option><option value=\"13:00 - 13:30\">13:00 - 13:30<\/option><option value=\"13:30 - 14:00\">13:30 - 14:00<\/option><option value=\"14:00 - 14:30\">14:00 - 14:30<\/option><option value=\"14:30 - 15:00\">14:30 - 15:00<\/option><option value=\"15:00 - 15:30\">15:00 - 15:30<\/option><option value=\"15:30 - 16:00\">15:30 - 16:00<\/option><option value=\"16:00 - 16:30\">16:00 - 16:30<\/option><option value=\"16:30 - 17:00\">16:30 - 17:00<\/option><\/select><\/span>\n\t<\/p>\n<\/div>\n<p><label> Servi\u00e7o pretendido*<br \/>\n<span class=\"wpcf7-form-control-wrap\" data-name=\"your-service\"><select class=\"wpcf7-form-control wpcf7-select wpcf7-validates-as-required\" aria-required=\"true\" aria-invalid=\"false\" name=\"your-service\"><option value=\"Conectividade\">Conectividade<\/option><option value=\"-  Circuito\">-  Circuito<\/option><option value=\"- Peering Remoto\">- Peering Remoto<\/option><option value=\"Data center\">Data center<\/option><option value=\"- AngoNAP\">- AngoNAP<\/option><option value=\"- Managed Service\">- Managed Service<\/option><option value=\"IP Services\">IP Services<\/option><option value=\"- IP Tr\u00e2nsito\">- IP Tr\u00e2nsito<\/option><option value=\"- Smart IP\">- Smart IP<\/option><option value=\"- IP Gamer\">- IP Gamer<\/option><option value=\"- IP Exchange\">- IP Exchange<\/option><option value=\"ICT\">ICT<\/option><option value=\"- Anti-DDOS\">- Anti-DDOS<\/option><option value=\"- SD-Wan\">- SD-Wan<\/option><option value=\"- Dark Fiber\">- Dark Fiber<\/option><option value=\"- Clouds2Brasil\">- Clouds2Brasil<\/option><option value=\"- Host2Brasil\">- Host2Brasil<\/option><option value=\"- Virtual Router\">- Virtual Router<\/option><option value=\"Global Data Center Interconnection (GDI)\">Global Data Center Interconnection (GDI)<\/option><option value=\"L2VPN\">L2VPN<\/option><option value=\"Outro\">Outro<\/option><\/select><\/span><\/label>\n<\/p>\n<p><label> Time TelCables Brasil*<br \/>\n<span class=\"wpcf7-form-control-wrap\" data-name=\"your-member\"><select class=\"wpcf7-form-control wpcf7-select\" aria-invalid=\"false\" name=\"your-member\"><option value=\"Andr\u00e9a Brito (P\u00f3s-vendas)\">Andr\u00e9a Brito (P\u00f3s-vendas)<\/option><option value=\"Bruna Lassakoski (Comercial)\">Bruna Lassakoski (Comercial)<\/option><option value=\"Clayton do Carmo (Head Comercial)\">Clayton do Carmo (Head Comercial)<\/option><option value=\"Cris\u00f3stomo Mbundu (Coordenador Global de Produto)\">Cris\u00f3stomo Mbundu (Coordenador Global de Produto)<\/option><option value=\"Daniele Maranh\u00e3o (P\u00f3s-vendas)\">Daniele Maranh\u00e3o (P\u00f3s-vendas)<\/option><option value=\"Jo\u00e3o Silva (Produto)\">Jo\u00e3o Silva (Produto)<\/option><option value=\"Mauricio Costa (Pr\u00e9-Vendas e Pricing)\">Mauricio Costa (Pr\u00e9-Vendas e Pricing)<\/option><option value=\"Rafael Siqueira (Pr\u00e9-Vendas e Pricing)\">Rafael Siqueira (Pr\u00e9-Vendas e Pricing)<\/option><option value=\"Samuel Carvalho (L\u00edder Global de Marketing e Produto)\">Samuel Carvalho (L\u00edder Global de Marketing e Produto)<\/option><\/select><\/span><\/label>\n<\/p>\n<p><span class=\"wpcf7-form-control-wrap\" data-name=\"acceptance-490\"><span class=\"wpcf7-form-control wpcf7-acceptance optional\"><span class=\"wpcf7-list-item\"><label><input type=\"checkbox\" name=\"acceptance-490\" value=\"1\" aria-invalid=\"false\" \/><span class=\"wpcf7-list-item-label\">Autorizo a TelCables Brasil a utilizar os dados fornecidos neste formul\u00e1rio para enviar comunica\u00e7\u00f5es de marketing e\/ou vendas, com o \u00fanico objetivo de fornecer servi\u00e7os futuros, de acordo com as disposi\u00e7\u00f5es da Lei Geral de Prote\u00e7\u00e3o de Dados<\/span><\/label><\/span><\/span><\/span>\n<\/p>\n<p><input class=\"wpcf7-form-control wpcf7-submit has-spinner\" type=\"submit\" value=\"Send\" \/>\n<\/p><div class=\"wpcf7-response-output\" aria-hidden=\"true\"><\/div>\n<input type=\"hidden\" name=\"trp-form-language\" value=\"en\"\/><\/form>\n<\/div>\n<\/div>\n\t\t\t\t<\/div>\n\t\t\t\t<\/div>\n\t\t\t\t\t<\/div>\n\t\t<\/div>\n\t\t\t\t\t\t\t<\/div>\n\t\t<\/section>\n\t\t\t\t\t\t\t<\/div>","protected":false},"excerpt":{"rendered":"<p>FORMA\u00c7\u00c3O 2025 Adicione aqui o texto do seu t\u00edtulo SEGUIR A PAGINA FORMA\u00c7\u00c3O 2024 Lorem ipsum dolor sit amet, consectetur adipiscing elit. Ut elit tellus, luctus nec ullamcorper mattis, pulvinar dapibus leo. \u00a0 Sobre TelCables Brasil TelCables Brasil oferece uma gama de solu\u00e7\u00f5es de conectividade e seguran\u00e7a para o mercado global. Os produtos e servi\u00e7os &hellip;<\/p>\n<p class=\"read-more\"> <a class=\"\" href=\"https:\/\/pages.angolacables.com\/en\/formacao-mkt2025\/\"> <span class=\"screen-reader-text\">Forma\u00e7\u00e3o MKT2025<\/span> Read More &raquo;<\/a><\/p>","protected":false},"author":3,"featured_media":0,"parent":0,"menu_order":0,"comment_status":"closed","ping_status":"closed","template":"","meta":{"inline_featured_image":false,"site-sidebar-layout":"no-sidebar","site-content-layout":"page-builder","ast-site-content-layout":"default","site-content-style":"default","site-sidebar-style":"default","ast-global-header-display":"","ast-banner-title-visibility":"","ast-main-header-display":"","ast-hfb-above-header-display":"","ast-hfb-below-header-display":"","ast-hfb-mobile-header-display":"","site-post-title":"disabled","ast-breadcrumbs-content":"","ast-featured-img":"disabled","footer-sml-layout":"","theme-transparent-header-meta":"","adv-header-id-meta":"","stick-header-meta":"","header-above-stick-meta":"","header-main-stick-meta":"","header-below-stick-meta":"","astra-migrate-meta-layouts":"set","footnotes":""},"class_list":["post-4054","page","type-page","status-publish","hentry"],"_links":{"self":[{"href":"https:\/\/pages.angolacables.com\/en\/wp-json\/wp\/v2\/pages\/4054","targetHints":{"allow":["GET"]}}],"collection":[{"href":"https:\/\/pages.angolacables.com\/en\/wp-json\/wp\/v2\/pages"}],"about":[{"href":"https:\/\/pages.angolacables.com\/en\/wp-json\/wp\/v2\/types\/page"}],"author":[{"embeddable":true,"href":"https:\/\/pages.angolacables.com\/en\/wp-json\/wp\/v2\/users\/3"}],"replies":[{"embeddable":true,"href":"https:\/\/pages.angolacables.com\/en\/wp-json\/wp\/v2\/comments?post=4054"}],"version-history":[{"count":4,"href":"https:\/\/pages.angolacables.com\/en\/wp-json\/wp\/v2\/pages\/4054\/revisions"}],"predecessor-version":[{"id":4058,"href":"https:\/\/pages.angolacables.com\/en\/wp-json\/wp\/v2\/pages\/4054\/revisions\/4058"}],"wp:attachment":[{"href":"https:\/\/pages.angolacables.com\/en\/wp-json\/wp\/v2\/media?parent=4054"}],"curies":[{"name":"wp","href":"https:\/\/api.w.org\/{rel}","templated":true}]}}